{"id":35,"date":"2010-10-06T13:27:46","date_gmt":"2010-10-06T13:27:46","guid":{"rendered":"http:\/\/photoblog.seelearningcenter.pt\/?page_id=35"},"modified":"2010-10-06T23:48:39","modified_gmt":"2010-10-06T23:48:39","slug":"familiasfamilies","status":"publish","type":"page","link":"https:\/\/photoblog.seelearningcenter.pt\/?page_id=35","title":{"rendered":"Fam\u00edlias de Acolhimento\/Host families"},"content":{"rendered":"<p style=\"text-align: left;\"><a href=\"https:\/\/photoblog.seelearningcenter.pt\/wp-content\/uploads\/2010\/10\/bg_familias.jpg\"><img loading=\"lazy\" decoding=\"async\" class=\"size-full wp-image-36 aligncenter\" title=\"Fam\u00edlias de Acolhimento\" src=\"https:\/\/photoblog.seelearningcenter.pt\/wp-content\/uploads\/2010\/10\/bg_familias.jpg\" alt=\"Fam\u00edlias de Acolhimento\" width=\"600\" height=\"851\" srcset=\"https:\/\/photoblog.seelearningcenter.pt\/wp-content\/uploads\/2010\/10\/bg_familias.jpg 600w, https:\/\/photoblog.seelearningcenter.pt\/wp-content\/uploads\/2010\/10\/bg_familias-211x300.jpg 211w\" sizes=\"auto, (max-width: 600px) 100vw, 600px\" \/><\/a><a href=\"mailto:see@seelearningcenter.pt\"><\/a><\/p>\n<p style=\"text-align: left;\"><a href=\"mailto:see@seelearningcenter.pt\">Contacte a SEE<\/a> para mais informa\u00e7\u00f5es acerca das fam\u00edlias de acolhimento.<\/p>\n","protected":false},"excerpt":{"rendered":"<p>Contacte a SEE para mais informa\u00e7\u00f5es acerca das fam\u00edlias de acolhimento.<\/p>\n","protected":false},"author":1,"featured_media":0,"parent":0,"menu_order":0,"comment_status":"closed","ping_status":"closed","template":"","meta":{"footnotes":""},"class_list":["post-35","page","type-page","status-publish","hentry"],"_links":{"self":[{"href":"https:\/\/photoblog.seelearningcenter.pt\/index.php?rest_route=\/wp\/v2\/pages\/35","targetHints":{"allow":["GET"]}}],"collection":[{"href":"https:\/\/photoblog.seelearningcenter.pt\/index.php?rest_route=\/wp\/v2\/pages"}],"about":[{"href":"https:\/\/photoblog.seelearningcenter.pt\/index.php?rest_route=\/wp\/v2\/types\/page"}],"author":[{"embeddable":true,"href":"https:\/\/photoblog.seelearningcenter.pt\/index.php?rest_route=\/wp\/v2\/users\/1"}],"replies":[{"embeddable":true,"href":"https:\/\/photoblog.seelearningcenter.pt\/index.php?rest_route=%2Fwp%2Fv2%2Fcomments&post=35"}],"version-history":[{"count":3,"href":"https:\/\/photoblog.seelearningcenter.pt\/index.php?rest_route=\/wp\/v2\/pages\/35\/revisions"}],"predecessor-version":[{"id":97,"href":"https:\/\/photoblog.seelearningcenter.pt\/index.php?rest_route=\/wp\/v2\/pages\/35\/revisions\/97"}],"wp:attachment":[{"href":"https:\/\/photoblog.seelearningcenter.pt\/index.php?rest_route=%2Fwp%2Fv2%2Fmedia&parent=35"}],"curies":[{"name":"wp","href":"https:\/\/api.w.org\/{rel}","templated":true}]}}