{"id":294,"date":"2010-11-21T16:11:28","date_gmt":"2010-11-21T16:11:28","guid":{"rendered":"http:\/\/photoblog.seelearningcenter.pt\/?page_id=294"},"modified":"2010-11-21T16:16:42","modified_gmt":"2010-11-21T16:16:42","slug":"see-awards","status":"publish","type":"page","link":"https:\/\/photoblog.seelearningcenter.pt\/?page_id=294","title":{"rendered":"SEE Awards"},"content":{"rendered":"<p>SEE pr\u00e9mios!! \/ SEE awards!!<\/p>\n<p>O pr\u00e9mio See Learning Center \u00e9 um programa e incentivo desenhado para reconhecer o melhor aluno dos nossos centros. \u00c9 um programa para estudantes que trabalham para al\u00e9m do n\u00edvel escolar suficiente, que permanecem num dos nossos centros para desfrutar de material mais desafiador que aquele que recebem na escola, na persegui\u00e7\u00e3o dos seus objectivos acad\u00e9micos.<br \/>\n<strong>O melhor aluno receber\u00e1 um pr\u00e9mio!! no final do ano escola.<\/strong><\/p>\n<p><span style=\"color: #888888;\"><em>See Learning Awards is an incentive program designed to recognize the best student in our centers. It is a programme for students working ahead of their school grade level, who remain in one of our centers to stay above grade level and obtain more challenging material than they are receiving at school in pursuit of their academic aspirations.<br \/>\n<strong>The best student will receive an award!! at the end of the school year.<\/strong><\/em><\/span><\/p>\n<p><strong><iframe loading=\"lazy\" frameborder=0 id=ifid width=\"660\" height=\"565\" allowtransparency=\"true\" src=\"\/wp-admin\/admin-ajax.php?action=go_view_object&viewid=25&type=html\"><\/iframe>\n<\/strong><\/p>\n","protected":false},"excerpt":{"rendered":"<p>SEE pr\u00e9mios!! \/ SEE awards!! O pr\u00e9mio See Learning Center \u00e9 um programa e incentivo desenhado para reconhecer o melhor aluno dos nossos centros. \u00c9 um programa para estudantes que trabalham para al\u00e9m do n\u00edvel escolar suficiente, que permanecem num dos nossos centros para desfrutar [&hellip;]<\/p>\n","protected":false},"author":1,"featured_media":0,"parent":0,"menu_order":0,"comment_status":"closed","ping_status":"closed","template":"","meta":{"footnotes":""},"_links":{"self":[{"href":"https:\/\/photoblog.seelearningcenter.pt\/index.php?rest_route=\/wp\/v2\/pages\/294"}],"collection":[{"href":"https:\/\/photoblog.seelearningcenter.pt\/index.php?rest_route=\/wp\/v2\/pages"}],"about":[{"href":"https:\/\/photoblog.seelearningcenter.pt\/index.php?rest_route=\/wp\/v2\/types\/page"}],"author":[{"embeddable":true,"href":"https:\/\/photoblog.seelearningcenter.pt\/index.php?rest_route=\/wp\/v2\/users\/1"}],"replies":[{"embeddable":true,"href":"https:\/\/photoblog.seelearningcenter.pt\/index.php?rest_route=%2Fwp%2Fv2%2Fcomments&post=294"}],"version-history":[{"count":4,"href":"https:\/\/photoblog.seelearningcenter.pt\/index.php?rest_route=\/wp\/v2\/pages\/294\/revisions"}],"predecessor-version":[{"id":301,"href":"https:\/\/photoblog.seelearningcenter.pt\/index.php?rest_route=\/wp\/v2\/pages\/294\/revisions\/301"}],"wp:attachment":[{"href":"https:\/\/photoblog.seelearningcenter.pt\/index.php?rest_route=%2Fwp%2Fv2%2Fmedia&parent=294"}],"curies":[{"name":"wp","href":"https:\/\/api.w.org\/{rel}","templated":true}]}}