{"id":26,"date":"2010-10-06T13:16:06","date_gmt":"2010-10-06T13:16:06","guid":{"rendered":"http:\/\/photoblog.seelearningcenter.pt\/?page_id=26"},"modified":"2010-10-06T23:49:21","modified_gmt":"2010-10-06T23:49:21","slug":"students-quotes","status":"publish","type":"page","link":"https:\/\/photoblog.seelearningcenter.pt\/?page_id=26","title":{"rendered":"Students quotes"},"content":{"rendered":"<p style=\"text-align: center;\"><a href=\"https:\/\/photoblog.seelearningcenter.pt\/wp-content\/uploads\/2010\/10\/bg_quotes.jpg\"><img loading=\"lazy\" decoding=\"async\" class=\"size-full wp-image-31 aligncenter\" title=\"Students Quotes\" src=\"https:\/\/photoblog.seelearningcenter.pt\/wp-content\/uploads\/2010\/10\/bg_quotes.jpg\" alt=\"Students Quotes\" width=\"600\" height=\"405\" srcset=\"https:\/\/photoblog.seelearningcenter.pt\/wp-content\/uploads\/2010\/10\/bg_quotes.jpg 600w, https:\/\/photoblog.seelearningcenter.pt\/wp-content\/uploads\/2010\/10\/bg_quotes-300x202.jpg 300w\" sizes=\"auto, (max-width: 600px) 100vw, 600px\" \/><\/a><\/p>\n<p>\u201cAdorei Inglaterra, conhecer amigos de outros pa\u00edses e a escola. H\u00e1 muitas actividades em que participar e aprendi muito, ao mesmo tempo que me divertia. Foi a melhor viagem da minha vida!\u201d<br \/>\n<em><span style=\"color: #888888;\">\u201cI loved England, meeting friends from other countries and the school. There were lots of activities to participate in and I learned a lot while having fun. It was the best trip of my life.\u201d<\/span><\/em><br \/>\n<em>Tiago Lopes<\/em><\/p>\n<p>\u201cAs duas semanas que passei em Inglaterra permitiram-me conhecer pessoas de outros pa\u00edses: Espanha, Fran\u00e7a, It\u00e1lia, Coreia, T\u00fanisia\u2026 com quem mantive o contacto. O meu ingl\u00eas melhorou bastante! No ultimo dia, s\u00f3 queria ficar mais tempo!\u201d<br \/>\n<em><span style=\"color: #888888;\">\u201cThe two weeks I spent in England allowed me to meet people from many other countries and I still stay in touch with them. My English really improved too. The only problem, I wish I could have stayed longer.\u201d<\/span><\/em><br \/>\n<em>Mariana Esteves<\/em><\/p>\n","protected":false},"excerpt":{"rendered":"<p>\u201cAdorei Inglaterra, conhecer amigos de outros pa\u00edses e a escola. H\u00e1 muitas actividades em que participar e aprendi muito, ao mesmo tempo que me divertia. Foi a melhor viagem da minha vida!\u201d \u201cI loved England, meeting friends from other countries and the school. There were [&hellip;]<\/p>\n","protected":false},"author":1,"featured_media":31,"parent":0,"menu_order":0,"comment_status":"closed","ping_status":"closed","template":"","meta":{"footnotes":""},"class_list":["post-26","page","type-page","status-publish","has-post-thumbnail","hentry"],"_links":{"self":[{"href":"https:\/\/photoblog.seelearningcenter.pt\/index.php?rest_route=\/wp\/v2\/pages\/26","targetHints":{"allow":["GET"]}}],"collection":[{"href":"https:\/\/photoblog.seelearningcenter.pt\/index.php?rest_route=\/wp\/v2\/pages"}],"about":[{"href":"https:\/\/photoblog.seelearningcenter.pt\/index.php?rest_route=\/wp\/v2\/types\/page"}],"author":[{"embeddable":true,"href":"https:\/\/photoblog.seelearningcenter.pt\/index.php?rest_route=\/wp\/v2\/users\/1"}],"replies":[{"embeddable":true,"href":"https:\/\/photoblog.seelearningcenter.pt\/index.php?rest_route=%2Fwp%2Fv2%2Fcomments&post=26"}],"version-history":[{"count":5,"href":"https:\/\/photoblog.seelearningcenter.pt\/index.php?rest_route=\/wp\/v2\/pages\/26\/revisions"}],"predecessor-version":[{"id":30,"href":"https:\/\/photoblog.seelearningcenter.pt\/index.php?rest_route=\/wp\/v2\/pages\/26\/revisions\/30"}],"wp:featuredmedia":[{"embeddable":true,"href":"https:\/\/photoblog.seelearningcenter.pt\/index.php?rest_route=\/wp\/v2\/media\/31"}],"wp:attachment":[{"href":"https:\/\/photoblog.seelearningcenter.pt\/index.php?rest_route=%2Fwp%2Fv2%2Fmedia&parent=26"}],"curies":[{"name":"wp","href":"https:\/\/api.w.org\/{rel}","templated":true}]}}